{"id":125,"date":"2018-07-14T15:01:50","date_gmt":"2018-07-14T13:01:50","guid":{"rendered":"http:\/\/cleaning.jami.services\/?page_id=125"},"modified":"2018-07-14T15:14:41","modified_gmt":"2018-07-14T13:14:41","slug":"catering-westafrikanische-kueche","status":"publish","type":"page","link":"https:\/\/cleaning.jami.services\/index.php\/catering\/catering-westafrikanische-kueche\/","title":{"rendered":"Catering &#8211; Westafrikanische K\u00fcche"},"content":{"rendered":"<p>Catering &#8211; Westafrikanische K\u00fcche<\/p>\n<p>Wir bereiten Speisen f\u00fcr ihr kleines Fest zu.<\/p>\n<p>Eine Auswahl an afrikanischen Speisen sind f\u00fcr sie ausw\u00e4hlbar.<\/p>\n<p>Sprechen sie uns an, wir beraten sie gerne<\/p>\n","protected":false},"excerpt":{"rendered":"<p>Catering &#8211; Westafrikanische K\u00fcche Wir bereiten Speisen f\u00fcr ihr kleines Fest zu. Eine Auswahl an afrikanischen Speisen sind f\u00fcr sie ausw\u00e4hlbar. Sprechen sie uns an, wir beraten sie gerne<\/p>\n","protected":false},"author":1,"featured_media":127,"parent":65,"menu_order":0,"comment_status":"closed","ping_status":"closed","template":"","meta":{"footnotes":""},"class_list":["post-125","page","type-page","status-publish","has-post-thumbnail","hentry"],"yoast_head":"<!-- This site is optimized with the Yoast SEO plugin v27.5 - https:\/\/yoast.com\/product\/yoast-seo-wordpress\/ -->\n<title>Catering - Westafrikanische K\u00fcche - JAMI Diallo - Services - Reinigungen<\/title>\n<meta name=\"robots\" content=\"index, follow, max-snippet:-1, max-image-preview:large, max-video-preview:-1\" \/>\n<link rel=\"canonical\" href=\"https:\/\/cleaning.jami.services\/index.php\/catering\/catering-westafrikanische-kueche\/\" \/>\n<meta property=\"og:locale\" content=\"de_DE\" \/>\n<meta property=\"og:type\" content=\"article\" \/>\n<meta property=\"og:title\" content=\"Catering - Westafrikanische K\u00fcche - JAMI Diallo - Services - Reinigungen\" \/>\n<meta property=\"og:description\" content=\"Catering &#8211; Westafrikanische K\u00fcche Wir bereiten Speisen f\u00fcr ihr kleines Fest zu. Eine Auswahl an afrikanischen Speisen sind f\u00fcr sie ausw\u00e4hlbar. Sprechen sie uns an, wir beraten sie gerne\" \/>\n<meta property=\"og:url\" content=\"https:\/\/cleaning.jami.services\/index.php\/catering\/catering-westafrikanische-kueche\/\" \/>\n<meta property=\"og:site_name\" content=\"JAMI Diallo - Services - Reinigungen\" \/>\n<meta property=\"article:modified_time\" content=\"2018-07-14T13:14:41+00:00\" \/>\n<meta property=\"og:image\" content=\"http:\/\/cleaning.jami.services\/wp-content\/uploads\/2018\/07\/20180711_194303-e1531573988675.jpg\" \/>\n\t<meta property=\"og:image:width\" content=\"4032\" \/>\n\t<meta property=\"og:image:height\" content=\"3024\" \/>\n\t<meta property=\"og:image:type\" content=\"image\/jpeg\" \/>\n<meta name=\"twitter:card\" content=\"summary_large_image\" \/>\n<script type=\"application\/ld+json\" class=\"yoast-schema-graph\">{\"@context\":\"https:\\\/\\\/schema.org\",\"@graph\":[{\"@type\":\"WebPage\",\"@id\":\"https:\\\/\\\/cleaning.jami.services\\\/index.php\\\/catering\\\/catering-westafrikanische-kueche\\\/\",\"url\":\"https:\\\/\\\/cleaning.jami.services\\\/index.php\\\/catering\\\/catering-westafrikanische-kueche\\\/\",\"name\":\"Catering - Westafrikanische K\u00fcche - JAMI Diallo - Services - Reinigungen\",\"isPartOf\":{\"@id\":\"https:\\\/\\\/cleaning.jami.services\\\/#website\"},\"primaryImageOfPage\":{\"@id\":\"https:\\\/\\\/cleaning.jami.services\\\/index.php\\\/catering\\\/catering-westafrikanische-kueche\\\/#primaryimage\"},\"image\":{\"@id\":\"https:\\\/\\\/cleaning.jami.services\\\/index.php\\\/catering\\\/catering-westafrikanische-kueche\\\/#primaryimage\"},\"thumbnailUrl\":\"https:\\\/\\\/cleaning.jami.services\\\/wp-content\\\/uploads\\\/2018\\\/07\\\/20180711_194303-e1531573988675.jpg\",\"datePublished\":\"2018-07-14T13:01:50+00:00\",\"dateModified\":\"2018-07-14T13:14:41+00:00\",\"breadcrumb\":{\"@id\":\"https:\\\/\\\/cleaning.jami.services\\\/index.php\\\/catering\\\/catering-westafrikanische-kueche\\\/#breadcrumb\"},\"inLanguage\":\"de\",\"potentialAction\":[{\"@type\":\"ReadAction\",\"target\":[\"https:\\\/\\\/cleaning.jami.services\\\/index.php\\\/catering\\\/catering-westafrikanische-kueche\\\/\"]}]},{\"@type\":\"ImageObject\",\"inLanguage\":\"de\",\"@id\":\"https:\\\/\\\/cleaning.jami.services\\\/index.php\\\/catering\\\/catering-westafrikanische-kueche\\\/#primaryimage\",\"url\":\"https:\\\/\\\/cleaning.jami.services\\\/wp-content\\\/uploads\\\/2018\\\/07\\\/20180711_194303-e1531573988675.jpg\",\"contentUrl\":\"https:\\\/\\\/cleaning.jami.services\\\/wp-content\\\/uploads\\\/2018\\\/07\\\/20180711_194303-e1531573988675.jpg\",\"width\":4032,\"height\":3024,\"caption\":\"JAMI Diallo Catering, Catering, Westafrikanische K\u00fcche, Erdnusssauce, Chilli\"},{\"@type\":\"BreadcrumbList\",\"@id\":\"https:\\\/\\\/cleaning.jami.services\\\/index.php\\\/catering\\\/catering-westafrikanische-kueche\\\/#breadcrumb\",\"itemListElement\":[{\"@type\":\"ListItem\",\"position\":1,\"name\":\"Startseite\",\"item\":\"https:\\\/\\\/cleaning.jami.services\\\/\"},{\"@type\":\"ListItem\",\"position\":2,\"name\":\"Catering\",\"item\":\"https:\\\/\\\/cleaning.jami.services\\\/index.php\\\/catering\\\/\"},{\"@type\":\"ListItem\",\"position\":3,\"name\":\"Catering &#8211; Westafrikanische K\u00fcche\"}]},{\"@type\":\"WebSite\",\"@id\":\"https:\\\/\\\/cleaning.jami.services\\\/#website\",\"url\":\"https:\\\/\\\/cleaning.jami.services\\\/\",\"name\":\"JAMI Diallo - Services\",\"description\":\"Reinigung, Im- &amp; Export, Catering, IT-Services - Alles unter einem Dach\",\"publisher\":{\"@id\":\"https:\\\/\\\/cleaning.jami.services\\\/#organization\"},\"potentialAction\":[{\"@type\":\"SearchAction\",\"target\":{\"@type\":\"EntryPoint\",\"urlTemplate\":\"https:\\\/\\\/cleaning.jami.services\\\/?s={search_term_string}\"},\"query-input\":{\"@type\":\"PropertyValueSpecification\",\"valueRequired\":true,\"valueName\":\"search_term_string\"}}],\"inLanguage\":\"de\"},{\"@type\":\"Organization\",\"@id\":\"https:\\\/\\\/cleaning.jami.services\\\/#organization\",\"name\":\"JAMI Diallo - Services\",\"url\":\"https:\\\/\\\/cleaning.jami.services\\\/\",\"logo\":{\"@type\":\"ImageObject\",\"inLanguage\":\"de\",\"@id\":\"https:\\\/\\\/cleaning.jami.services\\\/#\\\/schema\\\/logo\\\/image\\\/\",\"url\":\"https:\\\/\\\/cleaning.jami.services\\\/wp-content\\\/uploads\\\/2018\\\/04\\\/logo.jpg\",\"contentUrl\":\"https:\\\/\\\/cleaning.jami.services\\\/wp-content\\\/uploads\\\/2018\\\/04\\\/logo.jpg\",\"width\":625,\"height\":295,\"caption\":\"JAMI Diallo - Services\"},\"image\":{\"@id\":\"https:\\\/\\\/cleaning.jami.services\\\/#\\\/schema\\\/logo\\\/image\\\/\"}}]}<\/script>\n<!-- \/ Yoast SEO plugin. -->","yoast_head_json":{"title":"Catering - Westafrikanische K\u00fcche - JAMI Diallo - Services - Reinigungen","robots":{"index":"index","follow":"follow","max-snippet":"max-snippet:-1","max-image-preview":"max-image-preview:large","max-video-preview":"max-video-preview:-1"},"canonical":"https:\/\/cleaning.jami.services\/index.php\/catering\/catering-westafrikanische-kueche\/","og_locale":"de_DE","og_type":"article","og_title":"Catering - Westafrikanische K\u00fcche - JAMI Diallo - Services - Reinigungen","og_description":"Catering &#8211; Westafrikanische K\u00fcche Wir bereiten Speisen f\u00fcr ihr kleines Fest zu. Eine Auswahl an afrikanischen Speisen sind f\u00fcr sie ausw\u00e4hlbar. Sprechen sie uns an, wir beraten sie gerne","og_url":"https:\/\/cleaning.jami.services\/index.php\/catering\/catering-westafrikanische-kueche\/","og_site_name":"JAMI Diallo - Services - Reinigungen","article_modified_time":"2018-07-14T13:14:41+00:00","og_image":[{"width":4032,"height":3024,"url":"http:\/\/cleaning.jami.services\/wp-content\/uploads\/2018\/07\/20180711_194303-e1531573988675.jpg","type":"image\/jpeg"}],"twitter_card":"summary_large_image","schema":{"@context":"https:\/\/schema.org","@graph":[{"@type":"WebPage","@id":"https:\/\/cleaning.jami.services\/index.php\/catering\/catering-westafrikanische-kueche\/","url":"https:\/\/cleaning.jami.services\/index.php\/catering\/catering-westafrikanische-kueche\/","name":"Catering - Westafrikanische K\u00fcche - JAMI Diallo - Services - Reinigungen","isPartOf":{"@id":"https:\/\/cleaning.jami.services\/#website"},"primaryImageOfPage":{"@id":"https:\/\/cleaning.jami.services\/index.php\/catering\/catering-westafrikanische-kueche\/#primaryimage"},"image":{"@id":"https:\/\/cleaning.jami.services\/index.php\/catering\/catering-westafrikanische-kueche\/#primaryimage"},"thumbnailUrl":"https:\/\/cleaning.jami.services\/wp-content\/uploads\/2018\/07\/20180711_194303-e1531573988675.jpg","datePublished":"2018-07-14T13:01:50+00:00","dateModified":"2018-07-14T13:14:41+00:00","breadcrumb":{"@id":"https:\/\/cleaning.jami.services\/index.php\/catering\/catering-westafrikanische-kueche\/#breadcrumb"},"inLanguage":"de","potentialAction":[{"@type":"ReadAction","target":["https:\/\/cleaning.jami.services\/index.php\/catering\/catering-westafrikanische-kueche\/"]}]},{"@type":"ImageObject","inLanguage":"de","@id":"https:\/\/cleaning.jami.services\/index.php\/catering\/catering-westafrikanische-kueche\/#primaryimage","url":"https:\/\/cleaning.jami.services\/wp-content\/uploads\/2018\/07\/20180711_194303-e1531573988675.jpg","contentUrl":"https:\/\/cleaning.jami.services\/wp-content\/uploads\/2018\/07\/20180711_194303-e1531573988675.jpg","width":4032,"height":3024,"caption":"JAMI Diallo Catering, Catering, Westafrikanische K\u00fcche, Erdnusssauce, Chilli"},{"@type":"BreadcrumbList","@id":"https:\/\/cleaning.jami.services\/index.php\/catering\/catering-westafrikanische-kueche\/#breadcrumb","itemListElement":[{"@type":"ListItem","position":1,"name":"Startseite","item":"https:\/\/cleaning.jami.services\/"},{"@type":"ListItem","position":2,"name":"Catering","item":"https:\/\/cleaning.jami.services\/index.php\/catering\/"},{"@type":"ListItem","position":3,"name":"Catering &#8211; Westafrikanische K\u00fcche"}]},{"@type":"WebSite","@id":"https:\/\/cleaning.jami.services\/#website","url":"https:\/\/cleaning.jami.services\/","name":"JAMI Diallo - Services","description":"Reinigung, Im- &amp; Export, Catering, IT-Services - Alles unter einem Dach","publisher":{"@id":"https:\/\/cleaning.jami.services\/#organization"},"potentialAction":[{"@type":"SearchAction","target":{"@type":"EntryPoint","urlTemplate":"https:\/\/cleaning.jami.services\/?s={search_term_string}"},"query-input":{"@type":"PropertyValueSpecification","valueRequired":true,"valueName":"search_term_string"}}],"inLanguage":"de"},{"@type":"Organization","@id":"https:\/\/cleaning.jami.services\/#organization","name":"JAMI Diallo - Services","url":"https:\/\/cleaning.jami.services\/","logo":{"@type":"ImageObject","inLanguage":"de","@id":"https:\/\/cleaning.jami.services\/#\/schema\/logo\/image\/","url":"https:\/\/cleaning.jami.services\/wp-content\/uploads\/2018\/04\/logo.jpg","contentUrl":"https:\/\/cleaning.jami.services\/wp-content\/uploads\/2018\/04\/logo.jpg","width":625,"height":295,"caption":"JAMI Diallo - Services"},"image":{"@id":"https:\/\/cleaning.jami.services\/#\/schema\/logo\/image\/"}}]}},"_links":{"self":[{"href":"https:\/\/cleaning.jami.services\/index.php\/wp-json\/wp\/v2\/pages\/125","targetHints":{"allow":["GET"]}}],"collection":[{"href":"https:\/\/cleaning.jami.services\/index.php\/wp-json\/wp\/v2\/pages"}],"about":[{"href":"https:\/\/cleaning.jami.services\/index.php\/wp-json\/wp\/v2\/types\/page"}],"author":[{"embeddable":true,"href":"https:\/\/cleaning.jami.services\/index.php\/wp-json\/wp\/v2\/users\/1"}],"replies":[{"embeddable":true,"href":"https:\/\/cleaning.jami.services\/index.php\/wp-json\/wp\/v2\/comments?post=125"}],"version-history":[{"count":2,"href":"https:\/\/cleaning.jami.services\/index.php\/wp-json\/wp\/v2\/pages\/125\/revisions"}],"predecessor-version":[{"id":128,"href":"https:\/\/cleaning.jami.services\/index.php\/wp-json\/wp\/v2\/pages\/125\/revisions\/128"}],"up":[{"embeddable":true,"href":"https:\/\/cleaning.jami.services\/index.php\/wp-json\/wp\/v2\/pages\/65"}],"wp:featuredmedia":[{"embeddable":true,"href":"https:\/\/cleaning.jami.services\/index.php\/wp-json\/wp\/v2\/media\/127"}],"wp:attachment":[{"href":"https:\/\/cleaning.jami.services\/index.php\/wp-json\/wp\/v2\/media?parent=125"}],"curies":[{"name":"wp","href":"https:\/\/api.w.org\/{rel}","templated":true}]}}