{"id":36,"date":"2018-04-01T09:31:08","date_gmt":"2018-04-01T07:31:08","guid":{"rendered":"http:\/\/cleaning.jami.services\/?page_id=36"},"modified":"2022-03-27T14:26:18","modified_gmt":"2022-03-27T12:26:18","slug":"reinigung","status":"publish","type":"page","link":"https:\/\/cleaning.jami.services\/index.php\/reinigung\/","title":{"rendered":"Reinigung"},"content":{"rendered":"<h2>Wir reinigen &#8211; Wir s\u00e4ubern &#8211; Wir unterst\u00fctzen Sie im Haushalt.<\/h2>\n<p>Reinigen ist nicht nur eine Aufgabe &#8211; Reinigen ist auch ein Auge zu haben f\u00fcr die Kleinigkeiten die sich \u00fcberall verstecken. Unser Reinigungspersonal ist darauf bedacht pflegend mit ihrem Inventar umzugehen und achtet darauf diskret, sorgf\u00e4ltig und flink zu sein.<\/p>\n<p>Sie brauchen Hilfe bei der Reinigung ihrer Wohnung oder Haus. Sie brauchen Hilfe im Haushalt oder eine Putzfee, die Ihren Haushalt auf Vordermann bringt.<\/p>\n<p>Sie w\u00fcnschen, dass Ihre&nbsp; B\u00fcror\u00e4ume oder Praxis regelm\u00e4\u00dfig gereinigt werden sollen?<\/p>\n<p>Vereinbaren sie noch heute einen Besichtigungstermin, damit wir Ihnen eine individuelle Offerte gratis erstellen k\u00f6nnen.<\/p>\n<p>Fragen sie uns &#8211; Unser Team ber\u00e4t sie gerne.<\/p>\n<p><a href=\"http:\/\/cleaning.jami.services\/index.php\/reinigung\/reinigung-details\/\">Lesen sie mehr \u00fcber unsere Reinigungsdienstleistungen.<\/a><\/p>\n<p>&nbsp;<\/p>\n<h2>Jobs in der Reinigungsbranche &#8211; Verst\u00e4rkung unseres Reinigungsteams<\/h2>\n<p>Wir sind immer auf der Suche nach qualifizierten Reinigungspersonal.<\/p>\n<p>Eine aussagekr\u00e4ftige Blindbewerbung d\u00fcrfe Sie gerne jederzeit an uns senden.&nbsp;Bitte nur Onlinebewerbungen.<\/p>\n<p>Nutzen Sie dazu unsere&nbsp;<a href=\"http:\/\/cleaning.jami.services\/index.php\/kontakt\/\">Kontaktadresse.<\/a><\/p>\n","protected":false},"excerpt":{"rendered":"<p>Wir reinigen &#8211; Wir s\u00e4ubern &#8211; Wir unterst\u00fctzen Sie im Haushalt. Reinigen ist nicht nur eine Aufgabe &#8211; Reinigen ist auch ein Auge zu haben f\u00fcr die Kleinigkeiten die sich \u00fcberall verstecken. Unser Reinigungspersonal ist darauf bedacht pflegend mit ihrem Inventar umzugehen und achtet darauf diskret, sorgf\u00e4ltig und flink zu sein. Sie brauchen Hilfe bei &hellip; <\/p>\n<p class=\"link-more\"><a href=\"https:\/\/cleaning.jami.services\/index.php\/reinigung\/\" class=\"more-link\"><span class=\"screen-reader-text\">\u201eReinigung\u201c<\/span> weiterlesen<\/a><\/p>\n","protected":false},"author":1,"featured_media":53,"parent":0,"menu_order":0,"comment_status":"closed","ping_status":"closed","template":"","meta":{"footnotes":""},"class_list":["post-36","page","type-page","status-publish","has-post-thumbnail","hentry"],"yoast_head":"<!-- This site is optimized with the Yoast SEO plugin v27.4 - https:\/\/yoast.com\/product\/yoast-seo-wordpress\/ -->\n<title>JAMI Diallo - Services - Reinigungen in Bern<\/title>\n<meta name=\"description\" content=\"Wir reinigen \u2013 Wir s\u00e4ubern \u2013 Wir unterst\u00fctzen Sie im Haushalt. Fordern sie unsere gratis Offerte noch heute an. Reinigung in Bern Wohnung\" \/>\n<meta name=\"robots\" content=\"index, follow, max-snippet:-1, max-image-preview:large, max-video-preview:-1\" \/>\n<link rel=\"canonical\" href=\"https:\/\/cleaning.jami.services\/index.php\/reinigung\/\" \/>\n<meta property=\"og:locale\" content=\"de_DE\" \/>\n<meta property=\"og:type\" content=\"article\" \/>\n<meta property=\"og:title\" content=\"JAMI Diallo - Services - Reinigungen in Bern\" \/>\n<meta property=\"og:description\" content=\"Wir reinigen \u2013 Wir s\u00e4ubern \u2013 Wir unterst\u00fctzen Sie im Haushalt. Fordern sie unsere gratis Offerte noch heute an. Reinigung in Bern Wohnung\" \/>\n<meta property=\"og:url\" content=\"https:\/\/cleaning.jami.services\/index.php\/reinigung\/\" \/>\n<meta property=\"og:site_name\" content=\"JAMI Diallo - Services - Reinigungen\" \/>\n<meta property=\"article:modified_time\" content=\"2022-03-27T12:26:18+00:00\" \/>\n<meta property=\"og:image\" content=\"https:\/\/cleaning.jami.services\/wp-content\/uploads\/2018\/04\/1.jpg\" \/>\n\t<meta property=\"og:image:width\" content=\"4320\" \/>\n\t<meta property=\"og:image:height\" content=\"3240\" \/>\n\t<meta property=\"og:image:type\" content=\"image\/jpeg\" \/>\n<meta name=\"twitter:card\" content=\"summary_large_image\" \/>\n<meta name=\"twitter:label1\" content=\"Gesch\u00e4tzte Lesezeit\" \/>\n\t<meta name=\"twitter:data1\" content=\"1\u00a0Minute\" \/>\n<script type=\"application\/ld+json\" class=\"yoast-schema-graph\">{\"@context\":\"https:\\\/\\\/schema.org\",\"@graph\":[{\"@type\":\"WebPage\",\"@id\":\"https:\\\/\\\/cleaning.jami.services\\\/index.php\\\/reinigung\\\/\",\"url\":\"https:\\\/\\\/cleaning.jami.services\\\/index.php\\\/reinigung\\\/\",\"name\":\"JAMI Diallo - Services - Reinigungen in Bern\",\"isPartOf\":{\"@id\":\"https:\\\/\\\/cleaning.jami.services\\\/#website\"},\"primaryImageOfPage\":{\"@id\":\"https:\\\/\\\/cleaning.jami.services\\\/index.php\\\/reinigung\\\/#primaryimage\"},\"image\":{\"@id\":\"https:\\\/\\\/cleaning.jami.services\\\/index.php\\\/reinigung\\\/#primaryimage\"},\"thumbnailUrl\":\"https:\\\/\\\/cleaning.jami.services\\\/wp-content\\\/uploads\\\/2018\\\/04\\\/1.jpg\",\"datePublished\":\"2018-04-01T07:31:08+00:00\",\"dateModified\":\"2022-03-27T12:26:18+00:00\",\"description\":\"Wir reinigen \u2013 Wir s\u00e4ubern \u2013 Wir unterst\u00fctzen Sie im Haushalt. Fordern sie unsere gratis Offerte noch heute an. Reinigung in Bern Wohnung\",\"breadcrumb\":{\"@id\":\"https:\\\/\\\/cleaning.jami.services\\\/index.php\\\/reinigung\\\/#breadcrumb\"},\"inLanguage\":\"de\",\"potentialAction\":[{\"@type\":\"ReadAction\",\"target\":[\"https:\\\/\\\/cleaning.jami.services\\\/index.php\\\/reinigung\\\/\"]}]},{\"@type\":\"ImageObject\",\"inLanguage\":\"de\",\"@id\":\"https:\\\/\\\/cleaning.jami.services\\\/index.php\\\/reinigung\\\/#primaryimage\",\"url\":\"https:\\\/\\\/cleaning.jami.services\\\/wp-content\\\/uploads\\\/2018\\\/04\\\/1.jpg\",\"contentUrl\":\"https:\\\/\\\/cleaning.jami.services\\\/wp-content\\\/uploads\\\/2018\\\/04\\\/1.jpg\",\"width\":4320,\"height\":3240,\"caption\":\"cleaning\"},{\"@type\":\"BreadcrumbList\",\"@id\":\"https:\\\/\\\/cleaning.jami.services\\\/index.php\\\/reinigung\\\/#breadcrumb\",\"itemListElement\":[{\"@type\":\"ListItem\",\"position\":1,\"name\":\"Startseite\",\"item\":\"https:\\\/\\\/cleaning.jami.services\\\/\"},{\"@type\":\"ListItem\",\"position\":2,\"name\":\"Reinigung\"}]},{\"@type\":\"WebSite\",\"@id\":\"https:\\\/\\\/cleaning.jami.services\\\/#website\",\"url\":\"https:\\\/\\\/cleaning.jami.services\\\/\",\"name\":\"JAMI Diallo - Services\",\"description\":\"Reinigung, Im- &amp; Export, Catering, IT-Services - Alles unter einem Dach\",\"publisher\":{\"@id\":\"https:\\\/\\\/cleaning.jami.services\\\/#organization\"},\"potentialAction\":[{\"@type\":\"SearchAction\",\"target\":{\"@type\":\"EntryPoint\",\"urlTemplate\":\"https:\\\/\\\/cleaning.jami.services\\\/?s={search_term_string}\"},\"query-input\":{\"@type\":\"PropertyValueSpecification\",\"valueRequired\":true,\"valueName\":\"search_term_string\"}}],\"inLanguage\":\"de\"},{\"@type\":\"Organization\",\"@id\":\"https:\\\/\\\/cleaning.jami.services\\\/#organization\",\"name\":\"JAMI Diallo - Services\",\"url\":\"https:\\\/\\\/cleaning.jami.services\\\/\",\"logo\":{\"@type\":\"ImageObject\",\"inLanguage\":\"de\",\"@id\":\"https:\\\/\\\/cleaning.jami.services\\\/#\\\/schema\\\/logo\\\/image\\\/\",\"url\":\"https:\\\/\\\/cleaning.jami.services\\\/wp-content\\\/uploads\\\/2018\\\/04\\\/logo.jpg\",\"contentUrl\":\"https:\\\/\\\/cleaning.jami.services\\\/wp-content\\\/uploads\\\/2018\\\/04\\\/logo.jpg\",\"width\":625,\"height\":295,\"caption\":\"JAMI Diallo - Services\"},\"image\":{\"@id\":\"https:\\\/\\\/cleaning.jami.services\\\/#\\\/schema\\\/logo\\\/image\\\/\"}}]}<\/script>\n<!-- \/ Yoast SEO plugin. -->","yoast_head_json":{"title":"JAMI Diallo - Services - Reinigungen in Bern","description":"Wir reinigen \u2013 Wir s\u00e4ubern \u2013 Wir unterst\u00fctzen Sie im Haushalt. Fordern sie unsere gratis Offerte noch heute an. Reinigung in Bern Wohnung","robots":{"index":"index","follow":"follow","max-snippet":"max-snippet:-1","max-image-preview":"max-image-preview:large","max-video-preview":"max-video-preview:-1"},"canonical":"https:\/\/cleaning.jami.services\/index.php\/reinigung\/","og_locale":"de_DE","og_type":"article","og_title":"JAMI Diallo - Services - Reinigungen in Bern","og_description":"Wir reinigen \u2013 Wir s\u00e4ubern \u2013 Wir unterst\u00fctzen Sie im Haushalt. Fordern sie unsere gratis Offerte noch heute an. Reinigung in Bern Wohnung","og_url":"https:\/\/cleaning.jami.services\/index.php\/reinigung\/","og_site_name":"JAMI Diallo - Services - Reinigungen","article_modified_time":"2022-03-27T12:26:18+00:00","og_image":[{"width":4320,"height":3240,"url":"https:\/\/cleaning.jami.services\/wp-content\/uploads\/2018\/04\/1.jpg","type":"image\/jpeg"}],"twitter_card":"summary_large_image","twitter_misc":{"Gesch\u00e4tzte Lesezeit":"1\u00a0Minute"},"schema":{"@context":"https:\/\/schema.org","@graph":[{"@type":"WebPage","@id":"https:\/\/cleaning.jami.services\/index.php\/reinigung\/","url":"https:\/\/cleaning.jami.services\/index.php\/reinigung\/","name":"JAMI Diallo - Services - Reinigungen in Bern","isPartOf":{"@id":"https:\/\/cleaning.jami.services\/#website"},"primaryImageOfPage":{"@id":"https:\/\/cleaning.jami.services\/index.php\/reinigung\/#primaryimage"},"image":{"@id":"https:\/\/cleaning.jami.services\/index.php\/reinigung\/#primaryimage"},"thumbnailUrl":"https:\/\/cleaning.jami.services\/wp-content\/uploads\/2018\/04\/1.jpg","datePublished":"2018-04-01T07:31:08+00:00","dateModified":"2022-03-27T12:26:18+00:00","description":"Wir reinigen \u2013 Wir s\u00e4ubern \u2013 Wir unterst\u00fctzen Sie im Haushalt. Fordern sie unsere gratis Offerte noch heute an. Reinigung in Bern Wohnung","breadcrumb":{"@id":"https:\/\/cleaning.jami.services\/index.php\/reinigung\/#breadcrumb"},"inLanguage":"de","potentialAction":[{"@type":"ReadAction","target":["https:\/\/cleaning.jami.services\/index.php\/reinigung\/"]}]},{"@type":"ImageObject","inLanguage":"de","@id":"https:\/\/cleaning.jami.services\/index.php\/reinigung\/#primaryimage","url":"https:\/\/cleaning.jami.services\/wp-content\/uploads\/2018\/04\/1.jpg","contentUrl":"https:\/\/cleaning.jami.services\/wp-content\/uploads\/2018\/04\/1.jpg","width":4320,"height":3240,"caption":"cleaning"},{"@type":"BreadcrumbList","@id":"https:\/\/cleaning.jami.services\/index.php\/reinigung\/#breadcrumb","itemListElement":[{"@type":"ListItem","position":1,"name":"Startseite","item":"https:\/\/cleaning.jami.services\/"},{"@type":"ListItem","position":2,"name":"Reinigung"}]},{"@type":"WebSite","@id":"https:\/\/cleaning.jami.services\/#website","url":"https:\/\/cleaning.jami.services\/","name":"JAMI Diallo - Services","description":"Reinigung, Im- &amp; Export, Catering, IT-Services - Alles unter einem Dach","publisher":{"@id":"https:\/\/cleaning.jami.services\/#organization"},"potentialAction":[{"@type":"SearchAction","target":{"@type":"EntryPoint","urlTemplate":"https:\/\/cleaning.jami.services\/?s={search_term_string}"},"query-input":{"@type":"PropertyValueSpecification","valueRequired":true,"valueName":"search_term_string"}}],"inLanguage":"de"},{"@type":"Organization","@id":"https:\/\/cleaning.jami.services\/#organization","name":"JAMI Diallo - Services","url":"https:\/\/cleaning.jami.services\/","logo":{"@type":"ImageObject","inLanguage":"de","@id":"https:\/\/cleaning.jami.services\/#\/schema\/logo\/image\/","url":"https:\/\/cleaning.jami.services\/wp-content\/uploads\/2018\/04\/logo.jpg","contentUrl":"https:\/\/cleaning.jami.services\/wp-content\/uploads\/2018\/04\/logo.jpg","width":625,"height":295,"caption":"JAMI Diallo - Services"},"image":{"@id":"https:\/\/cleaning.jami.services\/#\/schema\/logo\/image\/"}}]}},"_links":{"self":[{"href":"https:\/\/cleaning.jami.services\/index.php\/wp-json\/wp\/v2\/pages\/36","targetHints":{"allow":["GET"]}}],"collection":[{"href":"https:\/\/cleaning.jami.services\/index.php\/wp-json\/wp\/v2\/pages"}],"about":[{"href":"https:\/\/cleaning.jami.services\/index.php\/wp-json\/wp\/v2\/types\/page"}],"author":[{"embeddable":true,"href":"https:\/\/cleaning.jami.services\/index.php\/wp-json\/wp\/v2\/users\/1"}],"replies":[{"embeddable":true,"href":"https:\/\/cleaning.jami.services\/index.php\/wp-json\/wp\/v2\/comments?post=36"}],"version-history":[{"count":12,"href":"https:\/\/cleaning.jami.services\/index.php\/wp-json\/wp\/v2\/pages\/36\/revisions"}],"predecessor-version":[{"id":162,"href":"https:\/\/cleaning.jami.services\/index.php\/wp-json\/wp\/v2\/pages\/36\/revisions\/162"}],"wp:featuredmedia":[{"embeddable":true,"href":"https:\/\/cleaning.jami.services\/index.php\/wp-json\/wp\/v2\/media\/53"}],"wp:attachment":[{"href":"https:\/\/cleaning.jami.services\/index.php\/wp-json\/wp\/v2\/media?parent=36"}],"curies":[{"name":"wp","href":"https:\/\/api.w.org\/{rel}","templated":true}]}}