{"id":40,"date":"2018-04-01T11:50:58","date_gmt":"2018-04-01T09:50:58","guid":{"rendered":"http:\/\/cleaning.jami.services\/?page_id=40"},"modified":"2023-02-17T13:45:07","modified_gmt":"2023-02-17T12:45:07","slug":"it-services","status":"publish","type":"page","link":"https:\/\/cleaning.jami.services\/index.php\/it-services\/","title":{"rendered":"IT-Services"},"content":{"rendered":"<p>Wenn Sie einen kompetenten Partner f\u00fcr Ihre IT suchen, dann sind sie unsere Zielgruppe.<\/p>\n<p>Wir verf\u00fcgen \u00fcber jahrelange IT-Kompetenz und beraten Sie gerne in allen Belangen.<\/p>\n<p>Wir sind IT-Berater und agieren Hersteller unabh\u00e4ngig. Wir liefern Ihnen L\u00f6sungen, die sich in der Praxis bew\u00e4hren. Ergebnisse unserer Arbeit sind in den Kompetenzfeldern \u00a0IT\u2011Infrastruktur, \u00a0IT-Sicherheit und Kommunikation auf den technischen Anforderungen unserer Kunden ausgelegt.<\/p>\n<p>Sie m\u00f6chten mehr \u00fcber unsere Arbeit erfahren oder uns ein neues IT-Projekt vorstellen, nehmen Sie bitte\u00a0Kontakt\u00a0mit uns auf. Wir sind gern f\u00fcr sie da.<\/p>\n<p>-&gt; <a href=\"http:\/\/cleaning.jami.services\/index.php\/it-services\/it-service-details\/\">weiter lesen&#8230;.<\/a><\/p>\n","protected":false},"excerpt":{"rendered":"<p>Wenn Sie einen kompetenten Partner f\u00fcr Ihre IT suchen, dann sind sie unsere Zielgruppe. Wir verf\u00fcgen \u00fcber jahrelange IT-Kompetenz und beraten Sie gerne in allen Belangen. Wir sind IT-Berater und agieren Hersteller unabh\u00e4ngig. Wir liefern Ihnen L\u00f6sungen, die sich in der Praxis bew\u00e4hren. Ergebnisse unserer Arbeit sind in den Kompetenzfeldern \u00a0IT\u2011Infrastruktur, \u00a0IT-Sicherheit und Kommunikation auf &hellip; <\/p>\n<p class=\"link-more\"><a href=\"https:\/\/cleaning.jami.services\/index.php\/it-services\/\" class=\"more-link\"><span class=\"screen-reader-text\">\u201eIT-Services\u201c<\/span> weiterlesen<\/a><\/p>\n","protected":false},"author":1,"featured_media":52,"parent":0,"menu_order":0,"comment_status":"closed","ping_status":"closed","template":"","meta":{"footnotes":""},"class_list":["post-40","page","type-page","status-publish","has-post-thumbnail","hentry"],"yoast_head":"<!-- This site is optimized with the Yoast SEO plugin v27.4 - https:\/\/yoast.com\/product\/yoast-seo-wordpress\/ -->\n<title>IT-Services - JAMI Diallo - Services - Reinigungen<\/title>\n<meta name=\"description\" content=\"Wir verf\u00fcgen \u00fcber jahrelange IT-Kompetenz und beraten Sie gerne in allen Belangen. Wir sind IT-Berater und agieren Hersteller unabh\u00e4ngig. Wir liefern Ihnen L\u00f6sungen, die sich in der Praxis bew\u00e4hren.\" \/>\n<meta name=\"robots\" content=\"index, follow, max-snippet:-1, max-image-preview:large, max-video-preview:-1\" \/>\n<link rel=\"canonical\" href=\"https:\/\/cleaning.jami.services\/index.php\/it-services\/\" \/>\n<meta property=\"og:locale\" content=\"de_DE\" \/>\n<meta property=\"og:type\" content=\"article\" \/>\n<meta property=\"og:title\" content=\"IT-Services - JAMI Diallo - Services - Reinigungen\" \/>\n<meta property=\"og:description\" content=\"Wir verf\u00fcgen \u00fcber jahrelange IT-Kompetenz und beraten Sie gerne in allen Belangen. Wir sind IT-Berater und agieren Hersteller unabh\u00e4ngig. Wir liefern Ihnen L\u00f6sungen, die sich in der Praxis bew\u00e4hren.\" \/>\n<meta property=\"og:url\" content=\"https:\/\/cleaning.jami.services\/index.php\/it-services\/\" \/>\n<meta property=\"og:site_name\" content=\"JAMI Diallo - Services - Reinigungen\" \/>\n<meta property=\"article:modified_time\" content=\"2023-02-17T12:45:07+00:00\" \/>\n<meta property=\"og:image\" content=\"http:\/\/cleaning.jami.services\/wp-content\/uploads\/2018\/04\/2.jpg\" \/>\n\t<meta property=\"og:image:width\" content=\"2560\" \/>\n\t<meta property=\"og:image:height\" content=\"1920\" \/>\n\t<meta property=\"og:image:type\" content=\"image\/jpeg\" \/>\n<meta name=\"twitter:card\" content=\"summary_large_image\" \/>\n<meta name=\"twitter:label1\" content=\"Gesch\u00e4tzte Lesezeit\" \/>\n\t<meta name=\"twitter:data1\" content=\"1\u00a0Minute\" \/>\n<script type=\"application\/ld+json\" class=\"yoast-schema-graph\">{\"@context\":\"https:\\\/\\\/schema.org\",\"@graph\":[{\"@type\":\"WebPage\",\"@id\":\"https:\\\/\\\/cleaning.jami.services\\\/index.php\\\/it-services\\\/\",\"url\":\"https:\\\/\\\/cleaning.jami.services\\\/index.php\\\/it-services\\\/\",\"name\":\"IT-Services - JAMI Diallo - Services - Reinigungen\",\"isPartOf\":{\"@id\":\"https:\\\/\\\/cleaning.jami.services\\\/#website\"},\"primaryImageOfPage\":{\"@id\":\"https:\\\/\\\/cleaning.jami.services\\\/index.php\\\/it-services\\\/#primaryimage\"},\"image\":{\"@id\":\"https:\\\/\\\/cleaning.jami.services\\\/index.php\\\/it-services\\\/#primaryimage\"},\"thumbnailUrl\":\"https:\\\/\\\/cleaning.jami.services\\\/wp-content\\\/uploads\\\/2018\\\/04\\\/2.jpg\",\"datePublished\":\"2018-04-01T09:50:58+00:00\",\"dateModified\":\"2023-02-17T12:45:07+00:00\",\"description\":\"Wir verf\u00fcgen \u00fcber jahrelange IT-Kompetenz und beraten Sie gerne in allen Belangen. Wir sind IT-Berater und agieren Hersteller unabh\u00e4ngig. Wir liefern Ihnen L\u00f6sungen, die sich in der Praxis bew\u00e4hren.\",\"breadcrumb\":{\"@id\":\"https:\\\/\\\/cleaning.jami.services\\\/index.php\\\/it-services\\\/#breadcrumb\"},\"inLanguage\":\"de\",\"potentialAction\":[{\"@type\":\"ReadAction\",\"target\":[\"https:\\\/\\\/cleaning.jami.services\\\/index.php\\\/it-services\\\/\"]}]},{\"@type\":\"ImageObject\",\"inLanguage\":\"de\",\"@id\":\"https:\\\/\\\/cleaning.jami.services\\\/index.php\\\/it-services\\\/#primaryimage\",\"url\":\"https:\\\/\\\/cleaning.jami.services\\\/wp-content\\\/uploads\\\/2018\\\/04\\\/2.jpg\",\"contentUrl\":\"https:\\\/\\\/cleaning.jami.services\\\/wp-content\\\/uploads\\\/2018\\\/04\\\/2.jpg\",\"width\":2560,\"height\":1920,\"caption\":\"itservices\"},{\"@type\":\"BreadcrumbList\",\"@id\":\"https:\\\/\\\/cleaning.jami.services\\\/index.php\\\/it-services\\\/#breadcrumb\",\"itemListElement\":[{\"@type\":\"ListItem\",\"position\":1,\"name\":\"Startseite\",\"item\":\"https:\\\/\\\/cleaning.jami.services\\\/\"},{\"@type\":\"ListItem\",\"position\":2,\"name\":\"IT-Services\"}]},{\"@type\":\"WebSite\",\"@id\":\"https:\\\/\\\/cleaning.jami.services\\\/#website\",\"url\":\"https:\\\/\\\/cleaning.jami.services\\\/\",\"name\":\"JAMI Diallo - Services\",\"description\":\"Reinigung, Im- &amp; Export, Catering, IT-Services - Alles unter einem Dach\",\"publisher\":{\"@id\":\"https:\\\/\\\/cleaning.jami.services\\\/#organization\"},\"potentialAction\":[{\"@type\":\"SearchAction\",\"target\":{\"@type\":\"EntryPoint\",\"urlTemplate\":\"https:\\\/\\\/cleaning.jami.services\\\/?s={search_term_string}\"},\"query-input\":{\"@type\":\"PropertyValueSpecification\",\"valueRequired\":true,\"valueName\":\"search_term_string\"}}],\"inLanguage\":\"de\"},{\"@type\":\"Organization\",\"@id\":\"https:\\\/\\\/cleaning.jami.services\\\/#organization\",\"name\":\"JAMI Diallo - Services\",\"url\":\"https:\\\/\\\/cleaning.jami.services\\\/\",\"logo\":{\"@type\":\"ImageObject\",\"inLanguage\":\"de\",\"@id\":\"https:\\\/\\\/cleaning.jami.services\\\/#\\\/schema\\\/logo\\\/image\\\/\",\"url\":\"https:\\\/\\\/cleaning.jami.services\\\/wp-content\\\/uploads\\\/2018\\\/04\\\/logo.jpg\",\"contentUrl\":\"https:\\\/\\\/cleaning.jami.services\\\/wp-content\\\/uploads\\\/2018\\\/04\\\/logo.jpg\",\"width\":625,\"height\":295,\"caption\":\"JAMI Diallo - Services\"},\"image\":{\"@id\":\"https:\\\/\\\/cleaning.jami.services\\\/#\\\/schema\\\/logo\\\/image\\\/\"}}]}<\/script>\n<!-- \/ Yoast SEO plugin. -->","yoast_head_json":{"title":"IT-Services - JAMI Diallo - Services - Reinigungen","description":"Wir verf\u00fcgen \u00fcber jahrelange IT-Kompetenz und beraten Sie gerne in allen Belangen. Wir sind IT-Berater und agieren Hersteller unabh\u00e4ngig. Wir liefern Ihnen L\u00f6sungen, die sich in der Praxis bew\u00e4hren.","robots":{"index":"index","follow":"follow","max-snippet":"max-snippet:-1","max-image-preview":"max-image-preview:large","max-video-preview":"max-video-preview:-1"},"canonical":"https:\/\/cleaning.jami.services\/index.php\/it-services\/","og_locale":"de_DE","og_type":"article","og_title":"IT-Services - JAMI Diallo - Services - Reinigungen","og_description":"Wir verf\u00fcgen \u00fcber jahrelange IT-Kompetenz und beraten Sie gerne in allen Belangen. Wir sind IT-Berater und agieren Hersteller unabh\u00e4ngig. Wir liefern Ihnen L\u00f6sungen, die sich in der Praxis bew\u00e4hren.","og_url":"https:\/\/cleaning.jami.services\/index.php\/it-services\/","og_site_name":"JAMI Diallo - Services - Reinigungen","article_modified_time":"2023-02-17T12:45:07+00:00","og_image":[{"width":2560,"height":1920,"url":"http:\/\/cleaning.jami.services\/wp-content\/uploads\/2018\/04\/2.jpg","type":"image\/jpeg"}],"twitter_card":"summary_large_image","twitter_misc":{"Gesch\u00e4tzte Lesezeit":"1\u00a0Minute"},"schema":{"@context":"https:\/\/schema.org","@graph":[{"@type":"WebPage","@id":"https:\/\/cleaning.jami.services\/index.php\/it-services\/","url":"https:\/\/cleaning.jami.services\/index.php\/it-services\/","name":"IT-Services - JAMI Diallo - Services - Reinigungen","isPartOf":{"@id":"https:\/\/cleaning.jami.services\/#website"},"primaryImageOfPage":{"@id":"https:\/\/cleaning.jami.services\/index.php\/it-services\/#primaryimage"},"image":{"@id":"https:\/\/cleaning.jami.services\/index.php\/it-services\/#primaryimage"},"thumbnailUrl":"https:\/\/cleaning.jami.services\/wp-content\/uploads\/2018\/04\/2.jpg","datePublished":"2018-04-01T09:50:58+00:00","dateModified":"2023-02-17T12:45:07+00:00","description":"Wir verf\u00fcgen \u00fcber jahrelange IT-Kompetenz und beraten Sie gerne in allen Belangen. Wir sind IT-Berater und agieren Hersteller unabh\u00e4ngig. Wir liefern Ihnen L\u00f6sungen, die sich in der Praxis bew\u00e4hren.","breadcrumb":{"@id":"https:\/\/cleaning.jami.services\/index.php\/it-services\/#breadcrumb"},"inLanguage":"de","potentialAction":[{"@type":"ReadAction","target":["https:\/\/cleaning.jami.services\/index.php\/it-services\/"]}]},{"@type":"ImageObject","inLanguage":"de","@id":"https:\/\/cleaning.jami.services\/index.php\/it-services\/#primaryimage","url":"https:\/\/cleaning.jami.services\/wp-content\/uploads\/2018\/04\/2.jpg","contentUrl":"https:\/\/cleaning.jami.services\/wp-content\/uploads\/2018\/04\/2.jpg","width":2560,"height":1920,"caption":"itservices"},{"@type":"BreadcrumbList","@id":"https:\/\/cleaning.jami.services\/index.php\/it-services\/#breadcrumb","itemListElement":[{"@type":"ListItem","position":1,"name":"Startseite","item":"https:\/\/cleaning.jami.services\/"},{"@type":"ListItem","position":2,"name":"IT-Services"}]},{"@type":"WebSite","@id":"https:\/\/cleaning.jami.services\/#website","url":"https:\/\/cleaning.jami.services\/","name":"JAMI Diallo - Services","description":"Reinigung, Im- &amp; Export, Catering, IT-Services - Alles unter einem Dach","publisher":{"@id":"https:\/\/cleaning.jami.services\/#organization"},"potentialAction":[{"@type":"SearchAction","target":{"@type":"EntryPoint","urlTemplate":"https:\/\/cleaning.jami.services\/?s={search_term_string}"},"query-input":{"@type":"PropertyValueSpecification","valueRequired":true,"valueName":"search_term_string"}}],"inLanguage":"de"},{"@type":"Organization","@id":"https:\/\/cleaning.jami.services\/#organization","name":"JAMI Diallo - Services","url":"https:\/\/cleaning.jami.services\/","logo":{"@type":"ImageObject","inLanguage":"de","@id":"https:\/\/cleaning.jami.services\/#\/schema\/logo\/image\/","url":"https:\/\/cleaning.jami.services\/wp-content\/uploads\/2018\/04\/logo.jpg","contentUrl":"https:\/\/cleaning.jami.services\/wp-content\/uploads\/2018\/04\/logo.jpg","width":625,"height":295,"caption":"JAMI Diallo - Services"},"image":{"@id":"https:\/\/cleaning.jami.services\/#\/schema\/logo\/image\/"}}]}},"_links":{"self":[{"href":"https:\/\/cleaning.jami.services\/index.php\/wp-json\/wp\/v2\/pages\/40","targetHints":{"allow":["GET"]}}],"collection":[{"href":"https:\/\/cleaning.jami.services\/index.php\/wp-json\/wp\/v2\/pages"}],"about":[{"href":"https:\/\/cleaning.jami.services\/index.php\/wp-json\/wp\/v2\/types\/page"}],"author":[{"embeddable":true,"href":"https:\/\/cleaning.jami.services\/index.php\/wp-json\/wp\/v2\/users\/1"}],"replies":[{"embeddable":true,"href":"https:\/\/cleaning.jami.services\/index.php\/wp-json\/wp\/v2\/comments?post=40"}],"version-history":[{"count":3,"href":"https:\/\/cleaning.jami.services\/index.php\/wp-json\/wp\/v2\/pages\/40\/revisions"}],"predecessor-version":[{"id":167,"href":"https:\/\/cleaning.jami.services\/index.php\/wp-json\/wp\/v2\/pages\/40\/revisions\/167"}],"wp:featuredmedia":[{"embeddable":true,"href":"https:\/\/cleaning.jami.services\/index.php\/wp-json\/wp\/v2\/media\/52"}],"wp:attachment":[{"href":"https:\/\/cleaning.jami.services\/index.php\/wp-json\/wp\/v2\/media?parent=40"}],"curies":[{"name":"wp","href":"https:\/\/api.w.org\/{rel}","templated":true}]}}