{"id":65,"date":"2018-04-15T14:00:14","date_gmt":"2018-04-15T12:00:14","guid":{"rendered":"http:\/\/cleaning.jami.services\/?page_id=65"},"modified":"2018-07-14T15:20:06","modified_gmt":"2018-07-14T13:20:06","slug":"catering","status":"publish","type":"page","link":"https:\/\/cleaning.jami.services\/index.php\/catering\/","title":{"rendered":"Catering"},"content":{"rendered":"<p>Wir liefern ihnen zu Ihren Anl\u00e4ssen wohlschmeckende und auf ihren Wunsch arrangierte Speisen.<\/p>\n<p>Unsere Spezialit\u00e4t ist die Westafrikanische K\u00fcche mit ihrer Vielfalt von Ger\u00fcchen und Geschm\u00e4kern.<\/p>\n<p>Sie m\u00f6chten f\u00fcr Ihren Anlass zum Beispiel Jolof-Reis mit Fisch oder Fleisch anbieten,<\/p>\n<p>oder gar H\u00fchnchen in Erdnusssauce, sprechen Sie uns an.<\/p>\n<p>Wir bereiten alle Speisen auf der traditionellen Kochweise zu, welche wir von unseren M\u00fcttern mit Liebe gelernt haben.<\/p>\n<p>Dazu reichen wir gerne unser eigenes Hausgemachtes Chilli.<\/p>\n<p>Wenn sie also Geschmack an anderen Westafrikanischen Speisen gefunden haben<\/p>\n<p>kontaktieren Sie uns an. Wir beraten sie gerne.<\/p>\n<p>Details zu unserem Catering Service sehen sie hier: <a href=\"http:\/\/cleaning.jami.services\/index.php\/catering\/catering-westafrikanische-kueche\/\">Westafrikanischer-Catering-Service<\/a><\/p>\n<p>&nbsp;<\/p>\n","protected":false},"excerpt":{"rendered":"<p>Wir liefern ihnen zu Ihren Anl\u00e4ssen wohlschmeckende und auf ihren Wunsch arrangierte Speisen. Unsere Spezialit\u00e4t ist die Westafrikanische K\u00fcche mit ihrer Vielfalt von Ger\u00fcchen und Geschm\u00e4kern. Sie m\u00f6chten f\u00fcr Ihren Anlass zum Beispiel Jolof-Reis mit Fisch oder Fleisch anbieten, oder gar H\u00fchnchen in Erdnusssauce, sprechen Sie uns an. Wir bereiten alle Speisen auf der traditionellen &hellip; <\/p>\n<p class=\"link-more\"><a href=\"https:\/\/cleaning.jami.services\/index.php\/catering\/\" class=\"more-link\"><span class=\"screen-reader-text\">\u201eCatering\u201c<\/span> weiterlesen<\/a><\/p>\n","protected":false},"author":1,"featured_media":67,"parent":0,"menu_order":0,"comment_status":"closed","ping_status":"closed","template":"","meta":{"footnotes":""},"class_list":["post-65","page","type-page","status-publish","has-post-thumbnail","hentry"],"yoast_head":"<!-- This site is optimized with the Yoast SEO plugin v27.5 - https:\/\/yoast.com\/product\/yoast-seo-wordpress\/ -->\n<title>Catering - JAMI Diallo - Services - Reinigungen<\/title>\n<meta name=\"robots\" content=\"index, follow, max-snippet:-1, max-image-preview:large, max-video-preview:-1\" \/>\n<link rel=\"canonical\" href=\"https:\/\/cleaning.jami.services\/index.php\/catering\/\" \/>\n<meta property=\"og:locale\" content=\"de_DE\" \/>\n<meta property=\"og:type\" content=\"article\" \/>\n<meta property=\"og:title\" content=\"Catering - JAMI Diallo - Services - Reinigungen\" \/>\n<meta property=\"og:description\" content=\"Wir liefern ihnen zu Ihren Anl\u00e4ssen wohlschmeckende und auf ihren Wunsch arrangierte Speisen. Unsere Spezialit\u00e4t ist die Westafrikanische K\u00fcche mit ihrer Vielfalt von Ger\u00fcchen und Geschm\u00e4kern. Sie m\u00f6chten f\u00fcr Ihren Anlass zum Beispiel Jolof-Reis mit Fisch oder Fleisch anbieten, oder gar H\u00fchnchen in Erdnusssauce, sprechen Sie uns an. Wir bereiten alle Speisen auf der traditionellen &hellip; \u201eCatering\u201c weiterlesen\" \/>\n<meta property=\"og:url\" content=\"https:\/\/cleaning.jami.services\/index.php\/catering\/\" \/>\n<meta property=\"og:site_name\" content=\"JAMI Diallo - Services - Reinigungen\" \/>\n<meta property=\"article:modified_time\" content=\"2018-07-14T13:20:06+00:00\" \/>\n<meta property=\"og:image\" content=\"http:\/\/cleaning.jami.services\/wp-content\/uploads\/2018\/04\/2_chilli.jpg\" \/>\n\t<meta property=\"og:image:width\" content=\"4320\" \/>\n\t<meta property=\"og:image:height\" content=\"3240\" \/>\n\t<meta property=\"og:image:type\" content=\"image\/jpeg\" \/>\n<meta name=\"twitter:card\" content=\"summary_large_image\" \/>\n<meta name=\"twitter:label1\" content=\"Gesch\u00e4tzte Lesezeit\" \/>\n\t<meta name=\"twitter:data1\" content=\"1\u00a0Minute\" \/>\n<script type=\"application\/ld+json\" class=\"yoast-schema-graph\">{\"@context\":\"https:\\\/\\\/schema.org\",\"@graph\":[{\"@type\":\"WebPage\",\"@id\":\"https:\\\/\\\/cleaning.jami.services\\\/index.php\\\/catering\\\/\",\"url\":\"https:\\\/\\\/cleaning.jami.services\\\/index.php\\\/catering\\\/\",\"name\":\"Catering - JAMI Diallo - Services - Reinigungen\",\"isPartOf\":{\"@id\":\"https:\\\/\\\/cleaning.jami.services\\\/#website\"},\"primaryImageOfPage\":{\"@id\":\"https:\\\/\\\/cleaning.jami.services\\\/index.php\\\/catering\\\/#primaryimage\"},\"image\":{\"@id\":\"https:\\\/\\\/cleaning.jami.services\\\/index.php\\\/catering\\\/#primaryimage\"},\"thumbnailUrl\":\"https:\\\/\\\/cleaning.jami.services\\\/wp-content\\\/uploads\\\/2018\\\/04\\\/2_chilli.jpg\",\"datePublished\":\"2018-04-15T12:00:14+00:00\",\"dateModified\":\"2018-07-14T13:20:06+00:00\",\"breadcrumb\":{\"@id\":\"https:\\\/\\\/cleaning.jami.services\\\/index.php\\\/catering\\\/#breadcrumb\"},\"inLanguage\":\"de\",\"potentialAction\":[{\"@type\":\"ReadAction\",\"target\":[\"https:\\\/\\\/cleaning.jami.services\\\/index.php\\\/catering\\\/\"]}]},{\"@type\":\"ImageObject\",\"inLanguage\":\"de\",\"@id\":\"https:\\\/\\\/cleaning.jami.services\\\/index.php\\\/catering\\\/#primaryimage\",\"url\":\"https:\\\/\\\/cleaning.jami.services\\\/wp-content\\\/uploads\\\/2018\\\/04\\\/2_chilli.jpg\",\"contentUrl\":\"https:\\\/\\\/cleaning.jami.services\\\/wp-content\\\/uploads\\\/2018\\\/04\\\/2_chilli.jpg\",\"width\":4320,\"height\":3240,\"caption\":\"JAMI Diallo Catering, Catering, Westafrikanische K\u00fcche, Erdnusssauce, Chilli\"},{\"@type\":\"BreadcrumbList\",\"@id\":\"https:\\\/\\\/cleaning.jami.services\\\/index.php\\\/catering\\\/#breadcrumb\",\"itemListElement\":[{\"@type\":\"ListItem\",\"position\":1,\"name\":\"Startseite\",\"item\":\"https:\\\/\\\/cleaning.jami.services\\\/\"},{\"@type\":\"ListItem\",\"position\":2,\"name\":\"Catering\"}]},{\"@type\":\"WebSite\",\"@id\":\"https:\\\/\\\/cleaning.jami.services\\\/#website\",\"url\":\"https:\\\/\\\/cleaning.jami.services\\\/\",\"name\":\"JAMI Diallo - Services\",\"description\":\"Reinigung, Im- &amp; Export, Catering, IT-Services - Alles unter einem Dach\",\"publisher\":{\"@id\":\"https:\\\/\\\/cleaning.jami.services\\\/#organization\"},\"potentialAction\":[{\"@type\":\"SearchAction\",\"target\":{\"@type\":\"EntryPoint\",\"urlTemplate\":\"https:\\\/\\\/cleaning.jami.services\\\/?s={search_term_string}\"},\"query-input\":{\"@type\":\"PropertyValueSpecification\",\"valueRequired\":true,\"valueName\":\"search_term_string\"}}],\"inLanguage\":\"de\"},{\"@type\":\"Organization\",\"@id\":\"https:\\\/\\\/cleaning.jami.services\\\/#organization\",\"name\":\"JAMI Diallo - Services\",\"url\":\"https:\\\/\\\/cleaning.jami.services\\\/\",\"logo\":{\"@type\":\"ImageObject\",\"inLanguage\":\"de\",\"@id\":\"https:\\\/\\\/cleaning.jami.services\\\/#\\\/schema\\\/logo\\\/image\\\/\",\"url\":\"https:\\\/\\\/cleaning.jami.services\\\/wp-content\\\/uploads\\\/2018\\\/04\\\/logo.jpg\",\"contentUrl\":\"https:\\\/\\\/cleaning.jami.services\\\/wp-content\\\/uploads\\\/2018\\\/04\\\/logo.jpg\",\"width\":625,\"height\":295,\"caption\":\"JAMI Diallo - Services\"},\"image\":{\"@id\":\"https:\\\/\\\/cleaning.jami.services\\\/#\\\/schema\\\/logo\\\/image\\\/\"}}]}<\/script>\n<!-- \/ Yoast SEO plugin. -->","yoast_head_json":{"title":"Catering - JAMI Diallo - Services - Reinigungen","robots":{"index":"index","follow":"follow","max-snippet":"max-snippet:-1","max-image-preview":"max-image-preview:large","max-video-preview":"max-video-preview:-1"},"canonical":"https:\/\/cleaning.jami.services\/index.php\/catering\/","og_locale":"de_DE","og_type":"article","og_title":"Catering - JAMI Diallo - Services - Reinigungen","og_description":"Wir liefern ihnen zu Ihren Anl\u00e4ssen wohlschmeckende und auf ihren Wunsch arrangierte Speisen. Unsere Spezialit\u00e4t ist die Westafrikanische K\u00fcche mit ihrer Vielfalt von Ger\u00fcchen und Geschm\u00e4kern. Sie m\u00f6chten f\u00fcr Ihren Anlass zum Beispiel Jolof-Reis mit Fisch oder Fleisch anbieten, oder gar H\u00fchnchen in Erdnusssauce, sprechen Sie uns an. Wir bereiten alle Speisen auf der traditionellen &hellip; \u201eCatering\u201c weiterlesen","og_url":"https:\/\/cleaning.jami.services\/index.php\/catering\/","og_site_name":"JAMI Diallo - Services - Reinigungen","article_modified_time":"2018-07-14T13:20:06+00:00","og_image":[{"width":4320,"height":3240,"url":"http:\/\/cleaning.jami.services\/wp-content\/uploads\/2018\/04\/2_chilli.jpg","type":"image\/jpeg"}],"twitter_card":"summary_large_image","twitter_misc":{"Gesch\u00e4tzte Lesezeit":"1\u00a0Minute"},"schema":{"@context":"https:\/\/schema.org","@graph":[{"@type":"WebPage","@id":"https:\/\/cleaning.jami.services\/index.php\/catering\/","url":"https:\/\/cleaning.jami.services\/index.php\/catering\/","name":"Catering - JAMI Diallo - Services - Reinigungen","isPartOf":{"@id":"https:\/\/cleaning.jami.services\/#website"},"primaryImageOfPage":{"@id":"https:\/\/cleaning.jami.services\/index.php\/catering\/#primaryimage"},"image":{"@id":"https:\/\/cleaning.jami.services\/index.php\/catering\/#primaryimage"},"thumbnailUrl":"https:\/\/cleaning.jami.services\/wp-content\/uploads\/2018\/04\/2_chilli.jpg","datePublished":"2018-04-15T12:00:14+00:00","dateModified":"2018-07-14T13:20:06+00:00","breadcrumb":{"@id":"https:\/\/cleaning.jami.services\/index.php\/catering\/#breadcrumb"},"inLanguage":"de","potentialAction":[{"@type":"ReadAction","target":["https:\/\/cleaning.jami.services\/index.php\/catering\/"]}]},{"@type":"ImageObject","inLanguage":"de","@id":"https:\/\/cleaning.jami.services\/index.php\/catering\/#primaryimage","url":"https:\/\/cleaning.jami.services\/wp-content\/uploads\/2018\/04\/2_chilli.jpg","contentUrl":"https:\/\/cleaning.jami.services\/wp-content\/uploads\/2018\/04\/2_chilli.jpg","width":4320,"height":3240,"caption":"JAMI Diallo Catering, Catering, Westafrikanische K\u00fcche, Erdnusssauce, Chilli"},{"@type":"BreadcrumbList","@id":"https:\/\/cleaning.jami.services\/index.php\/catering\/#breadcrumb","itemListElement":[{"@type":"ListItem","position":1,"name":"Startseite","item":"https:\/\/cleaning.jami.services\/"},{"@type":"ListItem","position":2,"name":"Catering"}]},{"@type":"WebSite","@id":"https:\/\/cleaning.jami.services\/#website","url":"https:\/\/cleaning.jami.services\/","name":"JAMI Diallo - Services","description":"Reinigung, Im- &amp; Export, Catering, IT-Services - Alles unter einem Dach","publisher":{"@id":"https:\/\/cleaning.jami.services\/#organization"},"potentialAction":[{"@type":"SearchAction","target":{"@type":"EntryPoint","urlTemplate":"https:\/\/cleaning.jami.services\/?s={search_term_string}"},"query-input":{"@type":"PropertyValueSpecification","valueRequired":true,"valueName":"search_term_string"}}],"inLanguage":"de"},{"@type":"Organization","@id":"https:\/\/cleaning.jami.services\/#organization","name":"JAMI Diallo - Services","url":"https:\/\/cleaning.jami.services\/","logo":{"@type":"ImageObject","inLanguage":"de","@id":"https:\/\/cleaning.jami.services\/#\/schema\/logo\/image\/","url":"https:\/\/cleaning.jami.services\/wp-content\/uploads\/2018\/04\/logo.jpg","contentUrl":"https:\/\/cleaning.jami.services\/wp-content\/uploads\/2018\/04\/logo.jpg","width":625,"height":295,"caption":"JAMI Diallo - Services"},"image":{"@id":"https:\/\/cleaning.jami.services\/#\/schema\/logo\/image\/"}}]}},"_links":{"self":[{"href":"https:\/\/cleaning.jami.services\/index.php\/wp-json\/wp\/v2\/pages\/65","targetHints":{"allow":["GET"]}}],"collection":[{"href":"https:\/\/cleaning.jami.services\/index.php\/wp-json\/wp\/v2\/pages"}],"about":[{"href":"https:\/\/cleaning.jami.services\/index.php\/wp-json\/wp\/v2\/types\/page"}],"author":[{"embeddable":true,"href":"https:\/\/cleaning.jami.services\/index.php\/wp-json\/wp\/v2\/users\/1"}],"replies":[{"embeddable":true,"href":"https:\/\/cleaning.jami.services\/index.php\/wp-json\/wp\/v2\/comments?post=65"}],"version-history":[{"count":6,"href":"https:\/\/cleaning.jami.services\/index.php\/wp-json\/wp\/v2\/pages\/65\/revisions"}],"predecessor-version":[{"id":130,"href":"https:\/\/cleaning.jami.services\/index.php\/wp-json\/wp\/v2\/pages\/65\/revisions\/130"}],"wp:featuredmedia":[{"embeddable":true,"href":"https:\/\/cleaning.jami.services\/index.php\/wp-json\/wp\/v2\/media\/67"}],"wp:attachment":[{"href":"https:\/\/cleaning.jami.services\/index.php\/wp-json\/wp\/v2\/media?parent=65"}],"curies":[{"name":"wp","href":"https:\/\/api.w.org\/{rel}","templated":true}]}}