{"id":82,"date":"2018-04-22T11:33:20","date_gmt":"2018-04-22T09:33:20","guid":{"rendered":"http:\/\/cleaning.jami.services\/?page_id=82"},"modified":"2023-03-10T11:15:45","modified_gmt":"2023-03-10T10:15:45","slug":"it-service-details","status":"publish","type":"page","link":"https:\/\/cleaning.jami.services\/index.php\/it-services\/it-service-details\/","title":{"rendered":"IT-Service-Details"},"content":{"rendered":"<h1>Unsere Kompetenzen<\/h1>\n<p>Unsere Kompetenzen in verschiedenen Bereichen der IT sind \u00fcber die letzten Jahre zur professionellen Dienstleistung gereift.<\/p>\n<p>Wenn Sie Bed\u00fcrfnisse in den verschiedensten Bereichen der IT versp\u00fcren, sei es Backup Strategien mit seinen Komplexen Konfigurationsm\u00f6glichkeiten zur Datensicherung oder Sie m\u00f6chten Ihren kleines Unternehmen besser vernetzen.<\/p>\n<p>Wir haben eine kompetente L\u00f6sung parat und versuchen Ihren Bed\u00fcrfnissen Rechnung zu tragen.<\/p>\n<h1>Kompetenz Beratung<\/h1>\n<ul>\n<li>Jede IT-Landschaft hat seine Eigenheiten. Jede ist individuell. Wir verstehen und h\u00f6ren zu.<\/li>\n<li>Wir m\u00f6chten mit Ihnen zusammen diese Eigenheiten analysieren und beraten Sie bei wie Ihre IT den Anforderungen der wachsenden Business gerecht werden kann.<\/li>\n<li>Wir schaffen ein Gesp\u00fcr daf\u00fcr, was es bedeutet, in einer weiter vernetzten Welt die schw\u00e4chen und st\u00e4rken Ihrer IT auszuloten, um Ihr Business zum Erfolg zu verhelfen.<\/li>\n<\/ul>\n<h1>Kompetenz IT-Sicherheit<\/h1>\n<ul>\n<li>Wir analysieren Ihre IT-Systeme und identifizieren Ihre Schwachstellen. Darauf aufbauend entwickeln wir mit Ihnen zusammen wirksame Konzept gegen Viren, Trojaner und Hackerangriffe.<\/li>\n<li>Wir planen und realisieren vollst\u00e4ndige Infrastrukturen f\u00fcr Ihre IT-Sicherheit\u00a0 mit Firewalls, DMZ, Anti-Viren-Software und Proxy-Servern.<\/li>\n<li>Wir konzipieren und realisieren redundante Speicher- und Backup-L\u00f6sungen f\u00fcr unterbrechungsfreie Gesch\u00e4ftsabl\u00e4ufe bis hin zur Datensicherheit im Katastrophenfall &#8211; Stichwort:\u00a0<em style=\"color: #666666; font-size: 1.125rem;\">Disaster Recovery<\/em><span style=\"color: #666666; font-size: 1.125rem; font-style: italic;\">.<\/span><\/li>\n<li>Wir beraten Sie gerne \u00fcber arbeitstaugliche Anwendungen der Datenverschl\u00fcsselung im Netzwerkverkehr oder bei der E-Mail-\u00dcbertragung.<\/li>\n<li>Wir beraten und konzipieren f\u00fcr ihre Unternehmensdaten Online-Backup L\u00f6sungen auf zum Beispiel\u00a0 externen Servern oder\u00a0Cloudservern.<\/li>\n<\/ul>\n<p>Wenn Sie einen Partner f\u00fcr Ihre IT suchen oder direkt ein akutes IT-Sicherheitsproblem oder gar eine Bedrohungslage haben, nehmen Sie bitte umgehend Kontakt mit uns auf.<\/p>\n<h1 id=\"page-title\" class=\"title\">Kompetenz Administration, Wartung und Support<\/h1>\n<ul>\n<li>Wir \u00fcbernehmen die Administration und Wartung Ihrer Computernetzwerke, Ihrer Server oder anderer IT-Ger\u00e4te<\/li>\n<li>Wir \u00fcberwachen Ihre Server im Internet oder im B\u00fcro. Durch intelligentes Monitoring und Prozess\u00fcberwachung kann fr\u00fchzeitig auf Probleme reagiert und behoben werden.<\/li>\n<\/ul>\n<p>Wenn Sie einen kompetenten Partner f\u00fcr Ihre IT suchen kontaktieren sie uns.<\/p>\n<p><img loading=\"lazy\" decoding=\"async\" class=\"aligncenter wp-image-90\" src=\"http:\/\/cleaning.jami.services\/wp-content\/uploads\/2018\/04\/enter-e1524391079990-150x150.jpg\" alt=\"\" width=\"215\" height=\"134\" srcset=\"https:\/\/cleaning.jami.services\/wp-content\/uploads\/2018\/04\/enter-e1524391079990-300x187.jpg 300w, https:\/\/cleaning.jami.services\/wp-content\/uploads\/2018\/04\/enter-e1524391079990-768x479.jpg 768w, https:\/\/cleaning.jami.services\/wp-content\/uploads\/2018\/04\/enter-e1524391079990.jpg 810w\" sizes=\"auto, (max-width: 215px) 100vw, 215px\" \/>Wir freuen uns auf Sie.<\/p>\n","protected":false},"excerpt":{"rendered":"<p>Unsere Kompetenzen Unsere Kompetenzen in verschiedenen Bereichen der IT sind \u00fcber die letzten Jahre zur professionellen Dienstleistung gereift. Wenn Sie Bed\u00fcrfnisse in den verschiedensten Bereichen der IT versp\u00fcren, sei es Backup Strategien mit seinen Komplexen Konfigurationsm\u00f6glichkeiten zur Datensicherung oder Sie m\u00f6chten Ihren kleines Unternehmen besser vernetzen. Wir haben eine kompetente L\u00f6sung parat und versuchen Ihren &hellip; <\/p>\n<p class=\"link-more\"><a href=\"https:\/\/cleaning.jami.services\/index.php\/it-services\/it-service-details\/\" class=\"more-link\"><span class=\"screen-reader-text\">\u201eIT-Service-Details\u201c<\/span> weiterlesen<\/a><\/p>\n","protected":false},"author":1,"featured_media":83,"parent":40,"menu_order":0,"comment_status":"closed","ping_status":"closed","template":"","meta":{"footnotes":""},"class_list":["post-82","page","type-page","status-publish","has-post-thumbnail","hentry"],"yoast_head":"<!-- This site is optimized with the Yoast SEO plugin v27.4 - https:\/\/yoast.com\/product\/yoast-seo-wordpress\/ -->\n<title>IT-Service-Details - JAMI Diallo - Services - Reinigungen<\/title>\n<meta name=\"description\" content=\"Unsere Kompetenzen in verschiedenen Bereichen der IT sind \u00fcber die letzten Jahre zur professionellen Dienstleistung gereift.\" \/>\n<meta name=\"robots\" content=\"index, follow, max-snippet:-1, max-image-preview:large, max-video-preview:-1\" \/>\n<link rel=\"canonical\" href=\"https:\/\/cleaning.jami.services\/index.php\/it-services\/it-service-details\/\" \/>\n<meta property=\"og:locale\" content=\"de_DE\" \/>\n<meta property=\"og:type\" content=\"article\" \/>\n<meta property=\"og:title\" content=\"IT-Service-Details - JAMI Diallo - Services - Reinigungen\" \/>\n<meta property=\"og:description\" content=\"Unsere Kompetenzen in verschiedenen Bereichen der IT sind \u00fcber die letzten Jahre zur professionellen Dienstleistung gereift.\" \/>\n<meta property=\"og:url\" content=\"https:\/\/cleaning.jami.services\/index.php\/it-services\/it-service-details\/\" \/>\n<meta property=\"og:site_name\" content=\"JAMI Diallo - Services - Reinigungen\" \/>\n<meta property=\"article:modified_time\" content=\"2023-03-10T10:15:45+00:00\" \/>\n<meta property=\"og:image\" content=\"http:\/\/cleaning.jami.services\/wp-content\/uploads\/2018\/04\/htop.jpg\" \/>\n\t<meta property=\"og:image:width\" content=\"4320\" \/>\n\t<meta property=\"og:image:height\" content=\"3240\" \/>\n\t<meta property=\"og:image:type\" content=\"image\/jpeg\" \/>\n<meta name=\"twitter:card\" content=\"summary_large_image\" \/>\n<meta name=\"twitter:label1\" content=\"Gesch\u00e4tzte Lesezeit\" \/>\n\t<meta name=\"twitter:data1\" content=\"2\u00a0Minuten\" \/>\n<script type=\"application\/ld+json\" class=\"yoast-schema-graph\">{\"@context\":\"https:\\\/\\\/schema.org\",\"@graph\":[{\"@type\":\"WebPage\",\"@id\":\"https:\\\/\\\/cleaning.jami.services\\\/index.php\\\/it-services\\\/it-service-details\\\/\",\"url\":\"https:\\\/\\\/cleaning.jami.services\\\/index.php\\\/it-services\\\/it-service-details\\\/\",\"name\":\"IT-Service-Details - JAMI Diallo - Services - Reinigungen\",\"isPartOf\":{\"@id\":\"https:\\\/\\\/cleaning.jami.services\\\/#website\"},\"primaryImageOfPage\":{\"@id\":\"https:\\\/\\\/cleaning.jami.services\\\/index.php\\\/it-services\\\/it-service-details\\\/#primaryimage\"},\"image\":{\"@id\":\"https:\\\/\\\/cleaning.jami.services\\\/index.php\\\/it-services\\\/it-service-details\\\/#primaryimage\"},\"thumbnailUrl\":\"https:\\\/\\\/cleaning.jami.services\\\/wp-content\\\/uploads\\\/2018\\\/04\\\/htop.jpg\",\"datePublished\":\"2018-04-22T09:33:20+00:00\",\"dateModified\":\"2023-03-10T10:15:45+00:00\",\"description\":\"Unsere Kompetenzen in verschiedenen Bereichen der IT sind \u00fcber die letzten Jahre zur professionellen Dienstleistung gereift.\",\"breadcrumb\":{\"@id\":\"https:\\\/\\\/cleaning.jami.services\\\/index.php\\\/it-services\\\/it-service-details\\\/#breadcrumb\"},\"inLanguage\":\"de\",\"potentialAction\":[{\"@type\":\"ReadAction\",\"target\":[\"https:\\\/\\\/cleaning.jami.services\\\/index.php\\\/it-services\\\/it-service-details\\\/\"]}]},{\"@type\":\"ImageObject\",\"inLanguage\":\"de\",\"@id\":\"https:\\\/\\\/cleaning.jami.services\\\/index.php\\\/it-services\\\/it-service-details\\\/#primaryimage\",\"url\":\"https:\\\/\\\/cleaning.jami.services\\\/wp-content\\\/uploads\\\/2018\\\/04\\\/htop.jpg\",\"contentUrl\":\"https:\\\/\\\/cleaning.jami.services\\\/wp-content\\\/uploads\\\/2018\\\/04\\\/htop.jpg\",\"width\":4320,\"height\":3240,\"caption\":\"JAMI Diallo IT-Services, IT-Services in Bern, Linuxadminstration, Ubuntu, Debian, Bash, scripting,Projektplanung\"},{\"@type\":\"BreadcrumbList\",\"@id\":\"https:\\\/\\\/cleaning.jami.services\\\/index.php\\\/it-services\\\/it-service-details\\\/#breadcrumb\",\"itemListElement\":[{\"@type\":\"ListItem\",\"position\":1,\"name\":\"Startseite\",\"item\":\"https:\\\/\\\/cleaning.jami.services\\\/\"},{\"@type\":\"ListItem\",\"position\":2,\"name\":\"IT-Services\",\"item\":\"https:\\\/\\\/cleaning.jami.services\\\/index.php\\\/it-services\\\/\"},{\"@type\":\"ListItem\",\"position\":3,\"name\":\"IT-Service-Details\"}]},{\"@type\":\"WebSite\",\"@id\":\"https:\\\/\\\/cleaning.jami.services\\\/#website\",\"url\":\"https:\\\/\\\/cleaning.jami.services\\\/\",\"name\":\"JAMI Diallo - Services\",\"description\":\"Reinigung, Im- &amp; Export, Catering, IT-Services - Alles unter einem Dach\",\"publisher\":{\"@id\":\"https:\\\/\\\/cleaning.jami.services\\\/#organization\"},\"potentialAction\":[{\"@type\":\"SearchAction\",\"target\":{\"@type\":\"EntryPoint\",\"urlTemplate\":\"https:\\\/\\\/cleaning.jami.services\\\/?s={search_term_string}\"},\"query-input\":{\"@type\":\"PropertyValueSpecification\",\"valueRequired\":true,\"valueName\":\"search_term_string\"}}],\"inLanguage\":\"de\"},{\"@type\":\"Organization\",\"@id\":\"https:\\\/\\\/cleaning.jami.services\\\/#organization\",\"name\":\"JAMI Diallo - Services\",\"url\":\"https:\\\/\\\/cleaning.jami.services\\\/\",\"logo\":{\"@type\":\"ImageObject\",\"inLanguage\":\"de\",\"@id\":\"https:\\\/\\\/cleaning.jami.services\\\/#\\\/schema\\\/logo\\\/image\\\/\",\"url\":\"https:\\\/\\\/cleaning.jami.services\\\/wp-content\\\/uploads\\\/2018\\\/04\\\/logo.jpg\",\"contentUrl\":\"https:\\\/\\\/cleaning.jami.services\\\/wp-content\\\/uploads\\\/2018\\\/04\\\/logo.jpg\",\"width\":625,\"height\":295,\"caption\":\"JAMI Diallo - Services\"},\"image\":{\"@id\":\"https:\\\/\\\/cleaning.jami.services\\\/#\\\/schema\\\/logo\\\/image\\\/\"}}]}<\/script>\n<!-- \/ Yoast SEO plugin. -->","yoast_head_json":{"title":"IT-Service-Details - JAMI Diallo - Services - Reinigungen","description":"Unsere Kompetenzen in verschiedenen Bereichen der IT sind \u00fcber die letzten Jahre zur professionellen Dienstleistung gereift.","robots":{"index":"index","follow":"follow","max-snippet":"max-snippet:-1","max-image-preview":"max-image-preview:large","max-video-preview":"max-video-preview:-1"},"canonical":"https:\/\/cleaning.jami.services\/index.php\/it-services\/it-service-details\/","og_locale":"de_DE","og_type":"article","og_title":"IT-Service-Details - JAMI Diallo - Services - Reinigungen","og_description":"Unsere Kompetenzen in verschiedenen Bereichen der IT sind \u00fcber die letzten Jahre zur professionellen Dienstleistung gereift.","og_url":"https:\/\/cleaning.jami.services\/index.php\/it-services\/it-service-details\/","og_site_name":"JAMI Diallo - Services - Reinigungen","article_modified_time":"2023-03-10T10:15:45+00:00","og_image":[{"width":4320,"height":3240,"url":"http:\/\/cleaning.jami.services\/wp-content\/uploads\/2018\/04\/htop.jpg","type":"image\/jpeg"}],"twitter_card":"summary_large_image","twitter_misc":{"Gesch\u00e4tzte Lesezeit":"2\u00a0Minuten"},"schema":{"@context":"https:\/\/schema.org","@graph":[{"@type":"WebPage","@id":"https:\/\/cleaning.jami.services\/index.php\/it-services\/it-service-details\/","url":"https:\/\/cleaning.jami.services\/index.php\/it-services\/it-service-details\/","name":"IT-Service-Details - JAMI Diallo - Services - Reinigungen","isPartOf":{"@id":"https:\/\/cleaning.jami.services\/#website"},"primaryImageOfPage":{"@id":"https:\/\/cleaning.jami.services\/index.php\/it-services\/it-service-details\/#primaryimage"},"image":{"@id":"https:\/\/cleaning.jami.services\/index.php\/it-services\/it-service-details\/#primaryimage"},"thumbnailUrl":"https:\/\/cleaning.jami.services\/wp-content\/uploads\/2018\/04\/htop.jpg","datePublished":"2018-04-22T09:33:20+00:00","dateModified":"2023-03-10T10:15:45+00:00","description":"Unsere Kompetenzen in verschiedenen Bereichen der IT sind \u00fcber die letzten Jahre zur professionellen Dienstleistung gereift.","breadcrumb":{"@id":"https:\/\/cleaning.jami.services\/index.php\/it-services\/it-service-details\/#breadcrumb"},"inLanguage":"de","potentialAction":[{"@type":"ReadAction","target":["https:\/\/cleaning.jami.services\/index.php\/it-services\/it-service-details\/"]}]},{"@type":"ImageObject","inLanguage":"de","@id":"https:\/\/cleaning.jami.services\/index.php\/it-services\/it-service-details\/#primaryimage","url":"https:\/\/cleaning.jami.services\/wp-content\/uploads\/2018\/04\/htop.jpg","contentUrl":"https:\/\/cleaning.jami.services\/wp-content\/uploads\/2018\/04\/htop.jpg","width":4320,"height":3240,"caption":"JAMI Diallo IT-Services, IT-Services in Bern, Linuxadminstration, Ubuntu, Debian, Bash, scripting,Projektplanung"},{"@type":"BreadcrumbList","@id":"https:\/\/cleaning.jami.services\/index.php\/it-services\/it-service-details\/#breadcrumb","itemListElement":[{"@type":"ListItem","position":1,"name":"Startseite","item":"https:\/\/cleaning.jami.services\/"},{"@type":"ListItem","position":2,"name":"IT-Services","item":"https:\/\/cleaning.jami.services\/index.php\/it-services\/"},{"@type":"ListItem","position":3,"name":"IT-Service-Details"}]},{"@type":"WebSite","@id":"https:\/\/cleaning.jami.services\/#website","url":"https:\/\/cleaning.jami.services\/","name":"JAMI Diallo - Services","description":"Reinigung, Im- &amp; Export, Catering, IT-Services - Alles unter einem Dach","publisher":{"@id":"https:\/\/cleaning.jami.services\/#organization"},"potentialAction":[{"@type":"SearchAction","target":{"@type":"EntryPoint","urlTemplate":"https:\/\/cleaning.jami.services\/?s={search_term_string}"},"query-input":{"@type":"PropertyValueSpecification","valueRequired":true,"valueName":"search_term_string"}}],"inLanguage":"de"},{"@type":"Organization","@id":"https:\/\/cleaning.jami.services\/#organization","name":"JAMI Diallo - Services","url":"https:\/\/cleaning.jami.services\/","logo":{"@type":"ImageObject","inLanguage":"de","@id":"https:\/\/cleaning.jami.services\/#\/schema\/logo\/image\/","url":"https:\/\/cleaning.jami.services\/wp-content\/uploads\/2018\/04\/logo.jpg","contentUrl":"https:\/\/cleaning.jami.services\/wp-content\/uploads\/2018\/04\/logo.jpg","width":625,"height":295,"caption":"JAMI Diallo - Services"},"image":{"@id":"https:\/\/cleaning.jami.services\/#\/schema\/logo\/image\/"}}]}},"_links":{"self":[{"href":"https:\/\/cleaning.jami.services\/index.php\/wp-json\/wp\/v2\/pages\/82","targetHints":{"allow":["GET"]}}],"collection":[{"href":"https:\/\/cleaning.jami.services\/index.php\/wp-json\/wp\/v2\/pages"}],"about":[{"href":"https:\/\/cleaning.jami.services\/index.php\/wp-json\/wp\/v2\/types\/page"}],"author":[{"embeddable":true,"href":"https:\/\/cleaning.jami.services\/index.php\/wp-json\/wp\/v2\/users\/1"}],"replies":[{"embeddable":true,"href":"https:\/\/cleaning.jami.services\/index.php\/wp-json\/wp\/v2\/comments?post=82"}],"version-history":[{"count":9,"href":"https:\/\/cleaning.jami.services\/index.php\/wp-json\/wp\/v2\/pages\/82\/revisions"}],"predecessor-version":[{"id":169,"href":"https:\/\/cleaning.jami.services\/index.php\/wp-json\/wp\/v2\/pages\/82\/revisions\/169"}],"up":[{"embeddable":true,"href":"https:\/\/cleaning.jami.services\/index.php\/wp-json\/wp\/v2\/pages\/40"}],"wp:featuredmedia":[{"embeddable":true,"href":"https:\/\/cleaning.jami.services\/index.php\/wp-json\/wp\/v2\/media\/83"}],"wp:attachment":[{"href":"https:\/\/cleaning.jami.services\/index.php\/wp-json\/wp\/v2\/media?parent=82"}],"curies":[{"name":"wp","href":"https:\/\/api.w.org\/{rel}","templated":true}]}}